{"id":13384,"date":"2020-06-17T12:07:55","date_gmt":"2020-06-17T12:07:55","guid":{"rendered":"http:\/\/demo.zozothemes.com\/import\/uploads-temp\/nutrie\/?page_id=13384"},"modified":"2023-04-24T17:50:28","modified_gmt":"2023-04-24T17:50:28","slug":"contact-us","status":"publish","type":"page","link":"https:\/\/vita-vetsch.ch\/?page_id=13384","title":{"rendered":"Kontakt"},"content":{"rendered":"\t\t<div data-elementor-type=\"wp-page\" data-elementor-id=\"13384\" class=\"elementor elementor-13384\">\n\t\t\t\t\t\t\t\t\t<section class=\"elementor-section elementor-top-section elementor-element elementor-element-d5e287f elementor-section-boxed elementor-section-height-default elementor-section-height-default\" data-id=\"d5e287f\" data-element_type=\"section\">\n\t\t\t\t\t\t<div class=\"elementor-container elementor-column-gap-default\">\n\t\t\t\t\t<div class=\"elementor-column elementor-col-66 elementor-top-column elementor-element elementor-element-d9a8cc9\" data-id=\"d9a8cc9\" data-element_type=\"column\">\n\t\t\t<div class=\"elementor-widget-wrap elementor-element-populated\">\n\t\t\t\t\t\t\t\t<div class=\"elementor-element elementor-element-630882b elementor-widget__width-initial elementor-widget elementor-widget-heading\" data-id=\"630882b\" data-element_type=\"widget\" data-widget_type=\"heading.default\">\n\t\t\t\t<div class=\"elementor-widget-container\">\n\t\t\t<style>\/*! elementor - v3.15.0 - 02-08-2023 *\/\n.elementor-heading-title{padding:0;margin:0;line-height:1}.elementor-widget-heading .elementor-heading-title[class*=elementor-size-]>a{color:inherit;font-size:inherit;line-height:inherit}.elementor-widget-heading .elementor-heading-title.elementor-size-small{font-size:15px}.elementor-widget-heading .elementor-heading-title.elementor-size-medium{font-size:19px}.elementor-widget-heading .elementor-heading-title.elementor-size-large{font-size:29px}.elementor-widget-heading .elementor-heading-title.elementor-size-xl{font-size:39px}.elementor-widget-heading .elementor-heading-title.elementor-size-xxl{font-size:59px}<\/style><h2 class=\"elementor-heading-title elementor-size-large\">Kontakt<\/h2>\t\t<\/div>\n\t\t\t\t<\/div>\n\t\t\t\t<div class=\"elementor-element elementor-element-b7323f3 elementor-widget__width-initial elementor-widget elementor-widget-text-editor\" data-id=\"b7323f3\" data-element_type=\"widget\" data-widget_type=\"text-editor.default\">\n\t\t\t\t<div class=\"elementor-widget-container\">\n\t\t\t<style>\/*! elementor - v3.15.0 - 02-08-2023 *\/\n.elementor-widget-text-editor.elementor-drop-cap-view-stacked .elementor-drop-cap{background-color:#69727d;color:#fff}.elementor-widget-text-editor.elementor-drop-cap-view-framed .elementor-drop-cap{color:#69727d;border:3px solid;background-color:transparent}.elementor-widget-text-editor:not(.elementor-drop-cap-view-default) .elementor-drop-cap{margin-top:8px}.elementor-widget-text-editor:not(.elementor-drop-cap-view-default) .elementor-drop-cap-letter{width:1em;height:1em}.elementor-widget-text-editor .elementor-drop-cap{float:left;text-align:center;line-height:1;font-size:50px}.elementor-widget-text-editor .elementor-drop-cap-letter{display:inline-block}<\/style>\t\t\t\t<p>Tatjana Vetsch<\/p><p>Diplomierte Ern\u00e4hrungsberaterin <br \/>Telefon: 078 921 74 84<br \/>E-Mail:<a href=\"mailto:info@vita-vetsch.ch\"> info@vita-vetsch.ch<\/a><br \/>Adresse: 8302 Kloten<\/p><p>Die erste Kontaktaufnahme am Telefon ist kostenlos und unverbindlich.<\/p><p>Termine nach Vereinbarung.<\/p><p>Online per Videoanruf, telefonisch oder bequem bei Ihnen zu Hause.<\/p>\t\t\t\t\t\t<\/div>\n\t\t\t\t<\/div>\n\t\t\t\t<div class=\"elementor-element elementor-element-23aed2c elementor-widget elementor-widget-text-editor\" data-id=\"23aed2c\" data-element_type=\"widget\" data-widget_type=\"text-editor.default\">\n\t\t\t\t<div class=\"elementor-widget-container\">\n\t\t\t\t\t\t\t<p><strong>M\u00f6chten Sie mehr \u00fcber meine Ern\u00e4hrungsberatung erfahren und mich kennenlernen. Gerne erwarte ich Ihren Anruf und freue mich Sie auf Ihrem Weg begleiten zu d\u00fcrfen und zu unterst\u00fctzen.<\/strong><\/p>\t\t\t\t\t\t<\/div>\n\t\t\t\t<\/div>\n\t\t\t\t\t<\/div>\n\t\t<\/div>\n\t\t\t\t<div class=\"elementor-column elementor-col-33 elementor-top-column elementor-element elementor-element-0172616\" data-id=\"0172616\" data-element_type=\"column\">\n\t\t\t<div class=\"elementor-widget-wrap\">\n\t\t\t\t\t\t\t\t\t<\/div>\n\t\t<\/div>\n\t\t\t\t\t\t\t<\/div>\n\t\t<\/section>\n\t\t\t\t\t\t\t<\/div>\n\t\t","protected":false},"excerpt":{"rendered":"<p>Kontakt Tatjana Vetsch Diplomierte Ern\u00e4hrungsberaterin Telefon: 078 921 74 84E-Mail: info@vita-vetsch.chAdresse: 8302 Kloten Die erste Kontaktaufnahme am Telefon ist kostenlos und unverbindlich. Termine nach Vereinbarung. Online per Videoanruf, telefonisch oder bequem bei Ihnen zu Hause. M\u00f6chten Sie mehr \u00fcber meine Ern\u00e4hrungsberatung erfahren und mich kennenlernen. Gerne erwarte ich Ihren Anruf und freue mich Sie auf<\/p>\n","protected":false},"author":1,"featured_media":0,"parent":0,"menu_order":0,"comment_status":"closed","ping_status":"closed","template":"","meta":{"footnotes":""},"class_list":["post-13384","page","type-page","status-publish","hentry"],"yoast_head":"<!-- This site is optimized with the Yoast SEO plugin v20.12 - https:\/\/yoast.com\/wordpress\/plugins\/seo\/ -->\n<title>Kontakt - Vita Vetsch<\/title>\n<meta name=\"robots\" content=\"index, follow, max-snippet:-1, max-image-preview:large, max-video-preview:-1\" \/>\n<link rel=\"canonical\" href=\"https:\/\/vita-vetsch.ch\/?page_id=13384\" \/>\n<meta property=\"og:locale\" content=\"de_DE\" \/>\n<meta property=\"og:type\" content=\"article\" \/>\n<meta property=\"og:title\" content=\"Kontakt - Vita Vetsch\" \/>\n<meta property=\"og:description\" content=\"Kontakt Tatjana Vetsch Diplomierte Ern\u00e4hrungsberaterin Telefon: 078 921 74 84E-Mail: info@vita-vetsch.chAdresse: 8302 Kloten Die erste Kontaktaufnahme am Telefon ist kostenlos und unverbindlich. Termine nach Vereinbarung. Online per Videoanruf, telefonisch oder bequem bei Ihnen zu Hause. M\u00f6chten Sie mehr \u00fcber meine Ern\u00e4hrungsberatung erfahren und mich kennenlernen. Gerne erwarte ich Ihren Anruf und freue mich Sie auf\" \/>\n<meta property=\"og:url\" content=\"https:\/\/vita-vetsch.ch\/?page_id=13384\" \/>\n<meta property=\"og:site_name\" content=\"Vita Vetsch\" \/>\n<meta property=\"article:modified_time\" content=\"2023-04-24T17:50:28+00:00\" \/>\n<meta name=\"twitter:card\" content=\"summary_large_image\" \/>\n<script type=\"application\/ld+json\" class=\"yoast-schema-graph\">{\"@context\":\"https:\/\/schema.org\",\"@graph\":[{\"@type\":\"WebPage\",\"@id\":\"https:\/\/vita-vetsch.ch\/?page_id=13384\",\"url\":\"https:\/\/vita-vetsch.ch\/?page_id=13384\",\"name\":\"Kontakt - Vita Vetsch\",\"isPartOf\":{\"@id\":\"https:\/\/vita-vetsch.ch\/#website\"},\"datePublished\":\"2020-06-17T12:07:55+00:00\",\"dateModified\":\"2023-04-24T17:50:28+00:00\",\"breadcrumb\":{\"@id\":\"https:\/\/vita-vetsch.ch\/?page_id=13384#breadcrumb\"},\"inLanguage\":\"de-CH\",\"potentialAction\":[{\"@type\":\"ReadAction\",\"target\":[\"https:\/\/vita-vetsch.ch\/?page_id=13384\"]}]},{\"@type\":\"BreadcrumbList\",\"@id\":\"https:\/\/vita-vetsch.ch\/?page_id=13384#breadcrumb\",\"itemListElement\":[{\"@type\":\"ListItem\",\"position\":1,\"name\":\"Startseite\",\"item\":\"https:\/\/vita-vetsch.ch\/\"},{\"@type\":\"ListItem\",\"position\":2,\"name\":\"Kontakt\"}]},{\"@type\":\"WebSite\",\"@id\":\"https:\/\/vita-vetsch.ch\/#website\",\"url\":\"https:\/\/vita-vetsch.ch\/\",\"name\":\"Vita Vetsch\",\"description\":\"Ern\u00e4hrung beginnt hier\",\"potentialAction\":[{\"@type\":\"SearchAction\",\"target\":{\"@type\":\"EntryPoint\",\"urlTemplate\":\"https:\/\/vita-vetsch.ch\/?s={search_term_string}\"},\"query-input\":\"required name=search_term_string\"}],\"inLanguage\":\"de-CH\"}]}<\/script>\n<!-- \/ Yoast SEO plugin. -->","yoast_head_json":{"title":"Kontakt - Vita Vetsch","robots":{"index":"index","follow":"follow","max-snippet":"max-snippet:-1","max-image-preview":"max-image-preview:large","max-video-preview":"max-video-preview:-1"},"canonical":"https:\/\/vita-vetsch.ch\/?page_id=13384","og_locale":"de_DE","og_type":"article","og_title":"Kontakt - Vita Vetsch","og_description":"Kontakt Tatjana Vetsch Diplomierte Ern\u00e4hrungsberaterin Telefon: 078 921 74 84E-Mail: info@vita-vetsch.chAdresse: 8302 Kloten Die erste Kontaktaufnahme am Telefon ist kostenlos und unverbindlich. Termine nach Vereinbarung. Online per Videoanruf, telefonisch oder bequem bei Ihnen zu Hause. M\u00f6chten Sie mehr \u00fcber meine Ern\u00e4hrungsberatung erfahren und mich kennenlernen. Gerne erwarte ich Ihren Anruf und freue mich Sie auf","og_url":"https:\/\/vita-vetsch.ch\/?page_id=13384","og_site_name":"Vita Vetsch","article_modified_time":"2023-04-24T17:50:28+00:00","twitter_card":"summary_large_image","schema":{"@context":"https:\/\/schema.org","@graph":[{"@type":"WebPage","@id":"https:\/\/vita-vetsch.ch\/?page_id=13384","url":"https:\/\/vita-vetsch.ch\/?page_id=13384","name":"Kontakt - Vita Vetsch","isPartOf":{"@id":"https:\/\/vita-vetsch.ch\/#website"},"datePublished":"2020-06-17T12:07:55+00:00","dateModified":"2023-04-24T17:50:28+00:00","breadcrumb":{"@id":"https:\/\/vita-vetsch.ch\/?page_id=13384#breadcrumb"},"inLanguage":"de-CH","potentialAction":[{"@type":"ReadAction","target":["https:\/\/vita-vetsch.ch\/?page_id=13384"]}]},{"@type":"BreadcrumbList","@id":"https:\/\/vita-vetsch.ch\/?page_id=13384#breadcrumb","itemListElement":[{"@type":"ListItem","position":1,"name":"Startseite","item":"https:\/\/vita-vetsch.ch\/"},{"@type":"ListItem","position":2,"name":"Kontakt"}]},{"@type":"WebSite","@id":"https:\/\/vita-vetsch.ch\/#website","url":"https:\/\/vita-vetsch.ch\/","name":"Vita Vetsch","description":"Ern\u00e4hrung beginnt hier","potentialAction":[{"@type":"SearchAction","target":{"@type":"EntryPoint","urlTemplate":"https:\/\/vita-vetsch.ch\/?s={search_term_string}"},"query-input":"required name=search_term_string"}],"inLanguage":"de-CH"}]}},"_links":{"self":[{"href":"https:\/\/vita-vetsch.ch\/index.php?rest_route=\/wp\/v2\/pages\/13384","targetHints":{"allow":["GET"]}}],"collection":[{"href":"https:\/\/vita-vetsch.ch\/index.php?rest_route=\/wp\/v2\/pages"}],"about":[{"href":"https:\/\/vita-vetsch.ch\/index.php?rest_route=\/wp\/v2\/types\/page"}],"author":[{"embeddable":true,"href":"https:\/\/vita-vetsch.ch\/index.php?rest_route=\/wp\/v2\/users\/1"}],"replies":[{"embeddable":true,"href":"https:\/\/vita-vetsch.ch\/index.php?rest_route=%2Fwp%2Fv2%2Fcomments&post=13384"}],"version-history":[{"count":47,"href":"https:\/\/vita-vetsch.ch\/index.php?rest_route=\/wp\/v2\/pages\/13384\/revisions"}],"predecessor-version":[{"id":17205,"href":"https:\/\/vita-vetsch.ch\/index.php?rest_route=\/wp\/v2\/pages\/13384\/revisions\/17205"}],"wp:attachment":[{"href":"https:\/\/vita-vetsch.ch\/index.php?rest_route=%2Fwp%2Fv2%2Fmedia&parent=13384"}],"curies":[{"name":"wp","href":"https:\/\/api.w.org\/{rel}","templated":true}]}}